{"id":606,"date":"2020-05-11T07:03:13","date_gmt":"2020-05-11T07:03:13","guid":{"rendered":"http:\/\/labanfoods.nl\/unternehmen\/maatschappelijk-betrokken\/"},"modified":"2021-03-17T08:59:36","modified_gmt":"2021-03-17T08:59:36","slug":"gesellschaftliches-engagement","status":"publish","type":"page","link":"https:\/\/labanfoods.nl\/de\/unternehmen\/gesellschaftliches-engagement\/","title":{"rendered":"Gesellschaftliches Engagement"},"content":{"rendered":"\n<p>LaBan Foods findet die soziale Verantwortung vom Unternehmen gro\u00dfe Bedeutung sehr wichtig. Dieses soziale Engagement ist uns wichtig und zieht sich wie ein roter Faden durch den gesamten Betrieb.<\/p>\n\n\n\n<p>Dies f\u00e4ngt bei der Auswahl unserer Rohstoffe an. Wir bevorzugen nachhaltig hergestellten Zutaten. Au\u00dferdem verwenden wir im gesamten Unternehmen m\u00f6glichst umweltvertr\u00e4gliche Hilfsmittel, setzen konsequent auf M\u00fclltrennung und arbeiten mit recycelten Verpackungen.<\/p>\n","protected":false},"excerpt":{"rendered":"<p>LaBan Foods findet die soziale Verantwortung vom Unternehmen gro\u00dfe Bedeutung sehr wichtig. Dieses soziale Engagement ist uns wichtig und zieht sich wie ein roter Faden durch den gesamten Betrieb. Dies f\u00e4ngt bei der Auswahl unserer Rohstoffe an. Wir bevorzugen nachhaltig hergestellten Zutaten. Au\u00dferdem verwenden wir im gesamten Unternehmen m\u00f6glichst umweltvertr\u00e4gliche Hilfsmittel, setzen konsequent auf M\u00fclltrennung [&hellip;]<\/p>\n","protected":false},"author":1,"featured_media":0,"parent":219,"menu_order":2,"comment_status":"closed","ping_status":"closed","template":"","meta":{"_acf_changed":false,"footnotes":""},"class_list":["post-606","page","type-page","status-publish","hentry"],"acf":[],"yoast_head":"<!-- This site is optimized with the Yoast SEO plugin v27.4 - https:\/\/yoast.com\/product\/yoast-seo-wordpress\/ -->\n<title>Gesellschaftliches Engagement | LaBan Foods<\/title>\n<meta name=\"robots\" content=\"index, follow, max-snippet:-1, max-image-preview:large, max-video-preview:-1\" \/>\n<link rel=\"canonical\" href=\"https:\/\/labanfoods.nl\/de\/unternehmen\/gesellschaftliches-engagement\/\" \/>\n<meta property=\"og:locale\" content=\"de_DE\" \/>\n<meta property=\"og:type\" content=\"article\" \/>\n<meta property=\"og:title\" content=\"Gesellschaftliches Engagement | LaBan Foods\" \/>\n<meta property=\"og:description\" content=\"LaBan Foods findet die soziale Verantwortung vom Unternehmen gro\u00dfe Bedeutung sehr wichtig. Dieses soziale Engagement ist uns wichtig und zieht sich wie ein roter Faden durch den gesamten Betrieb. Dies f\u00e4ngt bei der Auswahl unserer Rohstoffe an. Wir bevorzugen nachhaltig hergestellten Zutaten. Au\u00dferdem verwenden wir im gesamten Unternehmen m\u00f6glichst umweltvertr\u00e4gliche Hilfsmittel, setzen konsequent auf M\u00fclltrennung [&hellip;]\" \/>\n<meta property=\"og:url\" content=\"https:\/\/labanfoods.nl\/de\/unternehmen\/gesellschaftliches-engagement\/\" \/>\n<meta property=\"og:site_name\" content=\"LaBan Foods\" \/>\n<meta property=\"article:modified_time\" content=\"2021-03-17T08:59:36+00:00\" \/>\n<meta name=\"twitter:card\" content=\"summary_large_image\" \/>\n<script type=\"application\/ld+json\" class=\"yoast-schema-graph\">{\"@context\":\"https:\\\/\\\/schema.org\",\"@graph\":[{\"@type\":\"WebPage\",\"@id\":\"https:\\\/\\\/labanfoods.nl\\\/de\\\/unternehmen\\\/gesellschaftliches-engagement\\\/\",\"url\":\"https:\\\/\\\/labanfoods.nl\\\/de\\\/unternehmen\\\/gesellschaftliches-engagement\\\/\",\"name\":\"Gesellschaftliches Engagement | LaBan Foods\",\"isPartOf\":{\"@id\":\"https:\\\/\\\/labanfoods.nl\\\/de\\\/#website\"},\"datePublished\":\"2020-05-11T07:03:13+00:00\",\"dateModified\":\"2021-03-17T08:59:36+00:00\",\"breadcrumb\":{\"@id\":\"https:\\\/\\\/labanfoods.nl\\\/de\\\/unternehmen\\\/gesellschaftliches-engagement\\\/#breadcrumb\"},\"inLanguage\":\"de\",\"potentialAction\":[{\"@type\":\"ReadAction\",\"target\":[\"https:\\\/\\\/labanfoods.nl\\\/de\\\/unternehmen\\\/gesellschaftliches-engagement\\\/\"]}]},{\"@type\":\"BreadcrumbList\",\"@id\":\"https:\\\/\\\/labanfoods.nl\\\/de\\\/unternehmen\\\/gesellschaftliches-engagement\\\/#breadcrumb\",\"itemListElement\":[{\"@type\":\"ListItem\",\"position\":1,\"name\":\"Home\",\"item\":\"https:\\\/\\\/labanfoods.nl\\\/de\\\/\"},{\"@type\":\"ListItem\",\"position\":2,\"name\":\"Unternehmen\",\"item\":\"https:\\\/\\\/labanfoods.nl\\\/de\\\/unternehmen\\\/\"},{\"@type\":\"ListItem\",\"position\":3,\"name\":\"Gesellschaftliches Engagement\"}]},{\"@type\":\"WebSite\",\"@id\":\"https:\\\/\\\/labanfoods.nl\\\/de\\\/#website\",\"url\":\"https:\\\/\\\/labanfoods.nl\\\/de\\\/\",\"name\":\"LaBan Foods\",\"description\":\"for the love of butter\",\"potentialAction\":[{\"@type\":\"SearchAction\",\"target\":{\"@type\":\"EntryPoint\",\"urlTemplate\":\"https:\\\/\\\/labanfoods.nl\\\/de\\\/?s={search_term_string}\"},\"query-input\":{\"@type\":\"PropertyValueSpecification\",\"valueRequired\":true,\"valueName\":\"search_term_string\"}}],\"inLanguage\":\"de\"}]}<\/script>\n<!-- \/ Yoast SEO plugin. -->","yoast_head_json":{"title":"Gesellschaftliches Engagement | LaBan Foods","robots":{"index":"index","follow":"follow","max-snippet":"max-snippet:-1","max-image-preview":"max-image-preview:large","max-video-preview":"max-video-preview:-1"},"canonical":"https:\/\/labanfoods.nl\/de\/unternehmen\/gesellschaftliches-engagement\/","og_locale":"de_DE","og_type":"article","og_title":"Gesellschaftliches Engagement | LaBan Foods","og_description":"LaBan Foods findet die soziale Verantwortung vom Unternehmen gro\u00dfe Bedeutung sehr wichtig. Dieses soziale Engagement ist uns wichtig und zieht sich wie ein roter Faden durch den gesamten Betrieb. Dies f\u00e4ngt bei der Auswahl unserer Rohstoffe an. Wir bevorzugen nachhaltig hergestellten Zutaten. Au\u00dferdem verwenden wir im gesamten Unternehmen m\u00f6glichst umweltvertr\u00e4gliche Hilfsmittel, setzen konsequent auf M\u00fclltrennung [&hellip;]","og_url":"https:\/\/labanfoods.nl\/de\/unternehmen\/gesellschaftliches-engagement\/","og_site_name":"LaBan Foods","article_modified_time":"2021-03-17T08:59:36+00:00","twitter_card":"summary_large_image","schema":{"@context":"https:\/\/schema.org","@graph":[{"@type":"WebPage","@id":"https:\/\/labanfoods.nl\/de\/unternehmen\/gesellschaftliches-engagement\/","url":"https:\/\/labanfoods.nl\/de\/unternehmen\/gesellschaftliches-engagement\/","name":"Gesellschaftliches Engagement | LaBan Foods","isPartOf":{"@id":"https:\/\/labanfoods.nl\/de\/#website"},"datePublished":"2020-05-11T07:03:13+00:00","dateModified":"2021-03-17T08:59:36+00:00","breadcrumb":{"@id":"https:\/\/labanfoods.nl\/de\/unternehmen\/gesellschaftliches-engagement\/#breadcrumb"},"inLanguage":"de","potentialAction":[{"@type":"ReadAction","target":["https:\/\/labanfoods.nl\/de\/unternehmen\/gesellschaftliches-engagement\/"]}]},{"@type":"BreadcrumbList","@id":"https:\/\/labanfoods.nl\/de\/unternehmen\/gesellschaftliches-engagement\/#breadcrumb","itemListElement":[{"@type":"ListItem","position":1,"name":"Home","item":"https:\/\/labanfoods.nl\/de\/"},{"@type":"ListItem","position":2,"name":"Unternehmen","item":"https:\/\/labanfoods.nl\/de\/unternehmen\/"},{"@type":"ListItem","position":3,"name":"Gesellschaftliches Engagement"}]},{"@type":"WebSite","@id":"https:\/\/labanfoods.nl\/de\/#website","url":"https:\/\/labanfoods.nl\/de\/","name":"LaBan Foods","description":"for the love of butter","potentialAction":[{"@type":"SearchAction","target":{"@type":"EntryPoint","urlTemplate":"https:\/\/labanfoods.nl\/de\/?s={search_term_string}"},"query-input":{"@type":"PropertyValueSpecification","valueRequired":true,"valueName":"search_term_string"}}],"inLanguage":"de"}]}},"_links":{"self":[{"href":"https:\/\/labanfoods.nl\/de\/wp-json\/wp\/v2\/pages\/606","targetHints":{"allow":["GET"]}}],"collection":[{"href":"https:\/\/labanfoods.nl\/de\/wp-json\/wp\/v2\/pages"}],"about":[{"href":"https:\/\/labanfoods.nl\/de\/wp-json\/wp\/v2\/types\/page"}],"author":[{"embeddable":true,"href":"https:\/\/labanfoods.nl\/de\/wp-json\/wp\/v2\/users\/1"}],"replies":[{"embeddable":true,"href":"https:\/\/labanfoods.nl\/de\/wp-json\/wp\/v2\/comments?post=606"}],"version-history":[{"count":4,"href":"https:\/\/labanfoods.nl\/de\/wp-json\/wp\/v2\/pages\/606\/revisions"}],"predecessor-version":[{"id":1152,"href":"https:\/\/labanfoods.nl\/de\/wp-json\/wp\/v2\/pages\/606\/revisions\/1152"}],"up":[{"embeddable":true,"href":"https:\/\/labanfoods.nl\/de\/wp-json\/wp\/v2\/pages\/219"}],"wp:attachment":[{"href":"https:\/\/labanfoods.nl\/de\/wp-json\/wp\/v2\/media?parent=606"}],"curies":[{"name":"wp","href":"https:\/\/api.w.org\/{rel}","templated":true}]}}