{"id":599,"date":"2020-05-11T07:02:42","date_gmt":"2020-05-11T07:02:42","guid":{"rendered":"http:\/\/labanfoods.nl\/unternehmen\/certificering\/"},"modified":"2024-04-11T13:39:17","modified_gmt":"2024-04-11T13:39:17","slug":"zertifizierung","status":"publish","type":"page","link":"https:\/\/labanfoods.nl\/de\/unternehmen\/zertifizierung\/","title":{"rendered":"Zertifizierung"},"content":{"rendered":"\n<p>Qualit\u00e4t und Hygiene stehen bei LaBan Foods an erster Stelle. Deshalb haben wir hohe Anforderungen auf dem Bezug der Hygiene, Lebensmittelsicherheit und Qualit\u00e4tssicherung. Dank unsere strengen Richtlinien verf\u00fcgen wir \u00fcber verschiedene Zertifikate.<\/p>\n\n\n\n<p>Au\u00dferdem bieten wir auch SKAL- und Weidegang-zertifizierte M\u00f6glichkeiten an.<\/p>\n\n\n\n<figure class=\"wp-block-gallery has-nested-images columns-4 is-cropped wp-block-gallery-1 is-layout-flex wp-block-gallery-is-layout-flex\">\n<figure class=\"wp-block-image size-large\"><img loading=\"lazy\" decoding=\"async\" width=\"200\" height=\"200\" data-id=\"653\" src=\"https:\/\/labanfoods.nl\/wp-content\/uploads\/2020\/08\/cokz.jpg\" alt=\"\" class=\"wp-image-653\"\/><\/figure>\n\n\n\n<figure class=\"wp-block-image size-large\"><img loading=\"lazy\" decoding=\"async\" width=\"200\" height=\"200\" data-id=\"656\" src=\"https:\/\/labanfoods.nl\/wp-content\/uploads\/2020\/08\/ifs-food.jpg\" alt=\"\" class=\"wp-image-656\"\/><\/figure>\n\n\n\n<figure class=\"wp-block-image size-large\"><img loading=\"lazy\" decoding=\"async\" width=\"200\" height=\"200\" data-id=\"659\" src=\"https:\/\/labanfoods.nl\/wp-content\/uploads\/2020\/08\/nl-z0362-eg.jpg\" alt=\"\" class=\"wp-image-659\"\/><\/figure>\n\n\n\n<figure class=\"wp-block-image size-large\"><img loading=\"lazy\" decoding=\"async\" width=\"200\" height=\"200\" data-id=\"662\" src=\"https:\/\/labanfoods.nl\/wp-content\/uploads\/2020\/08\/skal.jpg\" alt=\"\" class=\"wp-image-662\"\/><\/figure>\n<\/figure>\n","protected":false},"excerpt":{"rendered":"<p>Qualit\u00e4t und Hygiene stehen bei LaBan Foods an erster Stelle. Deshalb haben wir hohe Anforderungen auf dem Bezug der Hygiene, Lebensmittelsicherheit und Qualit\u00e4tssicherung. Dank unsere strengen Richtlinien verf\u00fcgen wir \u00fcber verschiedene Zertifikate. Au\u00dferdem bieten wir auch SKAL- und Weidegang-zertifizierte M\u00f6glichkeiten an.<\/p>\n","protected":false},"author":1,"featured_media":0,"parent":219,"menu_order":1,"comment_status":"closed","ping_status":"closed","template":"","meta":{"_acf_changed":false,"footnotes":""},"class_list":["post-599","page","type-page","status-publish","hentry"],"acf":[],"yoast_head":"<!-- This site is optimized with the Yoast SEO plugin v27.3 - https:\/\/yoast.com\/product\/yoast-seo-wordpress\/ -->\n<title>Zertifizierung | LaBan Foods<\/title>\n<meta name=\"robots\" content=\"index, follow, max-snippet:-1, max-image-preview:large, max-video-preview:-1\" \/>\n<link rel=\"canonical\" href=\"https:\/\/labanfoods.nl\/de\/unternehmen\/zertifizierung\/\" \/>\n<meta property=\"og:locale\" content=\"de_DE\" \/>\n<meta property=\"og:type\" content=\"article\" \/>\n<meta property=\"og:title\" content=\"Zertifizierung | LaBan Foods\" \/>\n<meta property=\"og:description\" content=\"Qualit\u00e4t und Hygiene stehen bei LaBan Foods an erster Stelle. Deshalb haben wir hohe Anforderungen auf dem Bezug der Hygiene, Lebensmittelsicherheit und Qualit\u00e4tssicherung. Dank unsere strengen Richtlinien verf\u00fcgen wir \u00fcber verschiedene Zertifikate. Au\u00dferdem bieten wir auch SKAL- und Weidegang-zertifizierte M\u00f6glichkeiten an.\" \/>\n<meta property=\"og:url\" content=\"https:\/\/labanfoods.nl\/de\/unternehmen\/zertifizierung\/\" \/>\n<meta property=\"og:site_name\" content=\"LaBan Foods\" \/>\n<meta property=\"article:modified_time\" content=\"2024-04-11T13:39:17+00:00\" \/>\n<meta property=\"og:image\" content=\"https:\/\/labanfoods.nl\/wp-content\/uploads\/2020\/08\/cokz.jpg\" \/>\n<meta name=\"twitter:card\" content=\"summary_large_image\" \/>\n<meta name=\"twitter:label1\" content=\"Gesch\u00e4tzte Lesezeit\" \/>\n\t<meta name=\"twitter:data1\" content=\"2\u00a0Minuten\" \/>\n<script type=\"application\/ld+json\" class=\"yoast-schema-graph\">{\"@context\":\"https:\\\/\\\/schema.org\",\"@graph\":[{\"@type\":\"WebPage\",\"@id\":\"https:\\\/\\\/labanfoods.nl\\\/de\\\/unternehmen\\\/zertifizierung\\\/\",\"url\":\"https:\\\/\\\/labanfoods.nl\\\/de\\\/unternehmen\\\/zertifizierung\\\/\",\"name\":\"Zertifizierung | LaBan Foods\",\"isPartOf\":{\"@id\":\"https:\\\/\\\/labanfoods.nl\\\/de\\\/#website\"},\"primaryImageOfPage\":{\"@id\":\"https:\\\/\\\/labanfoods.nl\\\/de\\\/unternehmen\\\/zertifizierung\\\/#primaryimage\"},\"image\":{\"@id\":\"https:\\\/\\\/labanfoods.nl\\\/de\\\/unternehmen\\\/zertifizierung\\\/#primaryimage\"},\"thumbnailUrl\":\"https:\\\/\\\/labanfoods.nl\\\/wp-content\\\/uploads\\\/2020\\\/08\\\/cokz.jpg\",\"datePublished\":\"2020-05-11T07:02:42+00:00\",\"dateModified\":\"2024-04-11T13:39:17+00:00\",\"breadcrumb\":{\"@id\":\"https:\\\/\\\/labanfoods.nl\\\/de\\\/unternehmen\\\/zertifizierung\\\/#breadcrumb\"},\"inLanguage\":\"de\",\"potentialAction\":[{\"@type\":\"ReadAction\",\"target\":[\"https:\\\/\\\/labanfoods.nl\\\/de\\\/unternehmen\\\/zertifizierung\\\/\"]}]},{\"@type\":\"ImageObject\",\"inLanguage\":\"de\",\"@id\":\"https:\\\/\\\/labanfoods.nl\\\/de\\\/unternehmen\\\/zertifizierung\\\/#primaryimage\",\"url\":\"https:\\\/\\\/labanfoods.nl\\\/wp-content\\\/uploads\\\/2020\\\/08\\\/cokz.jpg\",\"contentUrl\":\"https:\\\/\\\/labanfoods.nl\\\/wp-content\\\/uploads\\\/2020\\\/08\\\/cokz.jpg\"},{\"@type\":\"BreadcrumbList\",\"@id\":\"https:\\\/\\\/labanfoods.nl\\\/de\\\/unternehmen\\\/zertifizierung\\\/#breadcrumb\",\"itemListElement\":[{\"@type\":\"ListItem\",\"position\":1,\"name\":\"Home\",\"item\":\"https:\\\/\\\/labanfoods.nl\\\/de\\\/\"},{\"@type\":\"ListItem\",\"position\":2,\"name\":\"Unternehmen\",\"item\":\"https:\\\/\\\/labanfoods.nl\\\/de\\\/unternehmen\\\/\"},{\"@type\":\"ListItem\",\"position\":3,\"name\":\"Zertifizierung\"}]},{\"@type\":\"WebSite\",\"@id\":\"https:\\\/\\\/labanfoods.nl\\\/de\\\/#website\",\"url\":\"https:\\\/\\\/labanfoods.nl\\\/de\\\/\",\"name\":\"LaBan Foods\",\"description\":\"for the love of butter\",\"potentialAction\":[{\"@type\":\"SearchAction\",\"target\":{\"@type\":\"EntryPoint\",\"urlTemplate\":\"https:\\\/\\\/labanfoods.nl\\\/de\\\/?s={search_term_string}\"},\"query-input\":{\"@type\":\"PropertyValueSpecification\",\"valueRequired\":true,\"valueName\":\"search_term_string\"}}],\"inLanguage\":\"de\"}]}<\/script>\n<!-- \/ Yoast SEO plugin. -->","yoast_head_json":{"title":"Zertifizierung | LaBan Foods","robots":{"index":"index","follow":"follow","max-snippet":"max-snippet:-1","max-image-preview":"max-image-preview:large","max-video-preview":"max-video-preview:-1"},"canonical":"https:\/\/labanfoods.nl\/de\/unternehmen\/zertifizierung\/","og_locale":"de_DE","og_type":"article","og_title":"Zertifizierung | LaBan Foods","og_description":"Qualit\u00e4t und Hygiene stehen bei LaBan Foods an erster Stelle. Deshalb haben wir hohe Anforderungen auf dem Bezug der Hygiene, Lebensmittelsicherheit und Qualit\u00e4tssicherung. Dank unsere strengen Richtlinien verf\u00fcgen wir \u00fcber verschiedene Zertifikate. Au\u00dferdem bieten wir auch SKAL- und Weidegang-zertifizierte M\u00f6glichkeiten an.","og_url":"https:\/\/labanfoods.nl\/de\/unternehmen\/zertifizierung\/","og_site_name":"LaBan Foods","article_modified_time":"2024-04-11T13:39:17+00:00","og_image":[{"url":"https:\/\/labanfoods.nl\/wp-content\/uploads\/2020\/08\/cokz.jpg","type":"","width":"","height":""}],"twitter_card":"summary_large_image","twitter_misc":{"Gesch\u00e4tzte Lesezeit":"2\u00a0Minuten"},"schema":{"@context":"https:\/\/schema.org","@graph":[{"@type":"WebPage","@id":"https:\/\/labanfoods.nl\/de\/unternehmen\/zertifizierung\/","url":"https:\/\/labanfoods.nl\/de\/unternehmen\/zertifizierung\/","name":"Zertifizierung | LaBan Foods","isPartOf":{"@id":"https:\/\/labanfoods.nl\/de\/#website"},"primaryImageOfPage":{"@id":"https:\/\/labanfoods.nl\/de\/unternehmen\/zertifizierung\/#primaryimage"},"image":{"@id":"https:\/\/labanfoods.nl\/de\/unternehmen\/zertifizierung\/#primaryimage"},"thumbnailUrl":"https:\/\/labanfoods.nl\/wp-content\/uploads\/2020\/08\/cokz.jpg","datePublished":"2020-05-11T07:02:42+00:00","dateModified":"2024-04-11T13:39:17+00:00","breadcrumb":{"@id":"https:\/\/labanfoods.nl\/de\/unternehmen\/zertifizierung\/#breadcrumb"},"inLanguage":"de","potentialAction":[{"@type":"ReadAction","target":["https:\/\/labanfoods.nl\/de\/unternehmen\/zertifizierung\/"]}]},{"@type":"ImageObject","inLanguage":"de","@id":"https:\/\/labanfoods.nl\/de\/unternehmen\/zertifizierung\/#primaryimage","url":"https:\/\/labanfoods.nl\/wp-content\/uploads\/2020\/08\/cokz.jpg","contentUrl":"https:\/\/labanfoods.nl\/wp-content\/uploads\/2020\/08\/cokz.jpg"},{"@type":"BreadcrumbList","@id":"https:\/\/labanfoods.nl\/de\/unternehmen\/zertifizierung\/#breadcrumb","itemListElement":[{"@type":"ListItem","position":1,"name":"Home","item":"https:\/\/labanfoods.nl\/de\/"},{"@type":"ListItem","position":2,"name":"Unternehmen","item":"https:\/\/labanfoods.nl\/de\/unternehmen\/"},{"@type":"ListItem","position":3,"name":"Zertifizierung"}]},{"@type":"WebSite","@id":"https:\/\/labanfoods.nl\/de\/#website","url":"https:\/\/labanfoods.nl\/de\/","name":"LaBan Foods","description":"for the love of butter","potentialAction":[{"@type":"SearchAction","target":{"@type":"EntryPoint","urlTemplate":"https:\/\/labanfoods.nl\/de\/?s={search_term_string}"},"query-input":{"@type":"PropertyValueSpecification","valueRequired":true,"valueName":"search_term_string"}}],"inLanguage":"de"}]}},"_links":{"self":[{"href":"https:\/\/labanfoods.nl\/de\/wp-json\/wp\/v2\/pages\/599","targetHints":{"allow":["GET"]}}],"collection":[{"href":"https:\/\/labanfoods.nl\/de\/wp-json\/wp\/v2\/pages"}],"about":[{"href":"https:\/\/labanfoods.nl\/de\/wp-json\/wp\/v2\/types\/page"}],"author":[{"embeddable":true,"href":"https:\/\/labanfoods.nl\/de\/wp-json\/wp\/v2\/users\/1"}],"replies":[{"embeddable":true,"href":"https:\/\/labanfoods.nl\/de\/wp-json\/wp\/v2\/comments?post=599"}],"version-history":[{"count":6,"href":"https:\/\/labanfoods.nl\/de\/wp-json\/wp\/v2\/pages\/599\/revisions"}],"predecessor-version":[{"id":2546,"href":"https:\/\/labanfoods.nl\/de\/wp-json\/wp\/v2\/pages\/599\/revisions\/2546"}],"up":[{"embeddable":true,"href":"https:\/\/labanfoods.nl\/de\/wp-json\/wp\/v2\/pages\/219"}],"wp:attachment":[{"href":"https:\/\/labanfoods.nl\/de\/wp-json\/wp\/v2\/media?parent=599"}],"curies":[{"name":"wp","href":"https:\/\/api.w.org\/{rel}","templated":true}]}}