{"id":582,"date":"2020-05-18T07:39:02","date_gmt":"2020-05-18T07:39:02","guid":{"rendered":"http:\/\/labanfoods.nl\/solutions\/"},"modified":"2021-03-17T10:50:32","modified_gmt":"2021-03-17T10:50:32","slug":"solutions","status":"publish","type":"page","link":"https:\/\/labanfoods.nl\/de\/solutions\/","title":{"rendered":"Solutions"},"content":{"rendered":"\n<p>LaBan Foods ist Ihr Partner, wenn Sie eigene Produktvorstellungen verwirklichen m\u00f6chten. Manche Dinge erfordern einen v\u00f6llig anderen L\u00f6sungsansatz. Auch dar\u00fcber reden wir gerne mit Ihnen.<\/p>\n","protected":false},"excerpt":{"rendered":"<p>LaBan Foods ist Ihr Partner, wenn Sie eigene Produktvorstellungen verwirklichen m\u00f6chten. Manche Dinge erfordern einen v\u00f6llig anderen L\u00f6sungsansatz. Auch dar\u00fcber reden wir gerne mit Ihnen.<\/p>\n","protected":false},"author":1,"featured_media":0,"parent":0,"menu_order":6,"comment_status":"closed","ping_status":"closed","template":"","meta":{"_acf_changed":false,"footnotes":""},"class_list":["post-582","page","type-page","status-publish","hentry"],"acf":[],"yoast_head":"<!-- This site is optimized with the Yoast SEO plugin v27.3 - https:\/\/yoast.com\/product\/yoast-seo-wordpress\/ -->\n<title>Solutions | LaBan Foods<\/title>\n<meta name=\"robots\" content=\"index, follow, max-snippet:-1, max-image-preview:large, max-video-preview:-1\" \/>\n<link rel=\"canonical\" href=\"https:\/\/labanfoods.nl\/de\/solutions\/\" \/>\n<meta property=\"og:locale\" content=\"de_DE\" \/>\n<meta property=\"og:type\" content=\"article\" \/>\n<meta property=\"og:title\" content=\"Solutions | LaBan Foods\" \/>\n<meta property=\"og:description\" content=\"LaBan Foods ist Ihr Partner, wenn Sie eigene Produktvorstellungen verwirklichen m\u00f6chten. Manche Dinge erfordern einen v\u00f6llig anderen L\u00f6sungsansatz. Auch dar\u00fcber reden wir gerne mit Ihnen.\" \/>\n<meta property=\"og:url\" content=\"https:\/\/labanfoods.nl\/de\/solutions\/\" \/>\n<meta property=\"og:site_name\" content=\"LaBan Foods\" \/>\n<meta property=\"article:modified_time\" content=\"2021-03-17T10:50:32+00:00\" \/>\n<meta name=\"twitter:card\" content=\"summary_large_image\" \/>\n<script type=\"application\/ld+json\" class=\"yoast-schema-graph\">{\"@context\":\"https:\\\/\\\/schema.org\",\"@graph\":[{\"@type\":\"WebPage\",\"@id\":\"https:\\\/\\\/labanfoods.nl\\\/de\\\/solutions\\\/\",\"url\":\"https:\\\/\\\/labanfoods.nl\\\/de\\\/solutions\\\/\",\"name\":\"Solutions | LaBan Foods\",\"isPartOf\":{\"@id\":\"https:\\\/\\\/labanfoods.nl\\\/de\\\/#website\"},\"datePublished\":\"2020-05-18T07:39:02+00:00\",\"dateModified\":\"2021-03-17T10:50:32+00:00\",\"breadcrumb\":{\"@id\":\"https:\\\/\\\/labanfoods.nl\\\/de\\\/solutions\\\/#breadcrumb\"},\"inLanguage\":\"de\",\"potentialAction\":[{\"@type\":\"ReadAction\",\"target\":[\"https:\\\/\\\/labanfoods.nl\\\/de\\\/solutions\\\/\"]}]},{\"@type\":\"BreadcrumbList\",\"@id\":\"https:\\\/\\\/labanfoods.nl\\\/de\\\/solutions\\\/#breadcrumb\",\"itemListElement\":[{\"@type\":\"ListItem\",\"position\":1,\"name\":\"Home\",\"item\":\"https:\\\/\\\/labanfoods.nl\\\/de\\\/\"},{\"@type\":\"ListItem\",\"position\":2,\"name\":\"Solutions\"}]},{\"@type\":\"WebSite\",\"@id\":\"https:\\\/\\\/labanfoods.nl\\\/de\\\/#website\",\"url\":\"https:\\\/\\\/labanfoods.nl\\\/de\\\/\",\"name\":\"LaBan Foods\",\"description\":\"for the love of butter\",\"potentialAction\":[{\"@type\":\"SearchAction\",\"target\":{\"@type\":\"EntryPoint\",\"urlTemplate\":\"https:\\\/\\\/labanfoods.nl\\\/de\\\/?s={search_term_string}\"},\"query-input\":{\"@type\":\"PropertyValueSpecification\",\"valueRequired\":true,\"valueName\":\"search_term_string\"}}],\"inLanguage\":\"de\"}]}<\/script>\n<!-- \/ Yoast SEO plugin. -->","yoast_head_json":{"title":"Solutions | LaBan Foods","robots":{"index":"index","follow":"follow","max-snippet":"max-snippet:-1","max-image-preview":"max-image-preview:large","max-video-preview":"max-video-preview:-1"},"canonical":"https:\/\/labanfoods.nl\/de\/solutions\/","og_locale":"de_DE","og_type":"article","og_title":"Solutions | LaBan Foods","og_description":"LaBan Foods ist Ihr Partner, wenn Sie eigene Produktvorstellungen verwirklichen m\u00f6chten. Manche Dinge erfordern einen v\u00f6llig anderen L\u00f6sungsansatz. Auch dar\u00fcber reden wir gerne mit Ihnen.","og_url":"https:\/\/labanfoods.nl\/de\/solutions\/","og_site_name":"LaBan Foods","article_modified_time":"2021-03-17T10:50:32+00:00","twitter_card":"summary_large_image","schema":{"@context":"https:\/\/schema.org","@graph":[{"@type":"WebPage","@id":"https:\/\/labanfoods.nl\/de\/solutions\/","url":"https:\/\/labanfoods.nl\/de\/solutions\/","name":"Solutions | LaBan Foods","isPartOf":{"@id":"https:\/\/labanfoods.nl\/de\/#website"},"datePublished":"2020-05-18T07:39:02+00:00","dateModified":"2021-03-17T10:50:32+00:00","breadcrumb":{"@id":"https:\/\/labanfoods.nl\/de\/solutions\/#breadcrumb"},"inLanguage":"de","potentialAction":[{"@type":"ReadAction","target":["https:\/\/labanfoods.nl\/de\/solutions\/"]}]},{"@type":"BreadcrumbList","@id":"https:\/\/labanfoods.nl\/de\/solutions\/#breadcrumb","itemListElement":[{"@type":"ListItem","position":1,"name":"Home","item":"https:\/\/labanfoods.nl\/de\/"},{"@type":"ListItem","position":2,"name":"Solutions"}]},{"@type":"WebSite","@id":"https:\/\/labanfoods.nl\/de\/#website","url":"https:\/\/labanfoods.nl\/de\/","name":"LaBan Foods","description":"for the love of butter","potentialAction":[{"@type":"SearchAction","target":{"@type":"EntryPoint","urlTemplate":"https:\/\/labanfoods.nl\/de\/?s={search_term_string}"},"query-input":{"@type":"PropertyValueSpecification","valueRequired":true,"valueName":"search_term_string"}}],"inLanguage":"de"}]}},"_links":{"self":[{"href":"https:\/\/labanfoods.nl\/de\/wp-json\/wp\/v2\/pages\/582","targetHints":{"allow":["GET"]}}],"collection":[{"href":"https:\/\/labanfoods.nl\/de\/wp-json\/wp\/v2\/pages"}],"about":[{"href":"https:\/\/labanfoods.nl\/de\/wp-json\/wp\/v2\/types\/page"}],"author":[{"embeddable":true,"href":"https:\/\/labanfoods.nl\/de\/wp-json\/wp\/v2\/users\/1"}],"replies":[{"embeddable":true,"href":"https:\/\/labanfoods.nl\/de\/wp-json\/wp\/v2\/comments?post=582"}],"version-history":[{"count":2,"href":"https:\/\/labanfoods.nl\/de\/wp-json\/wp\/v2\/pages\/582\/revisions"}],"predecessor-version":[{"id":588,"href":"https:\/\/labanfoods.nl\/de\/wp-json\/wp\/v2\/pages\/582\/revisions\/588"}],"wp:attachment":[{"href":"https:\/\/labanfoods.nl\/de\/wp-json\/wp\/v2\/media?parent=582"}],"curies":[{"name":"wp","href":"https:\/\/api.w.org\/{rel}","templated":true}]}}