{"id":572,"date":"2020-05-18T07:38:17","date_gmt":"2020-05-18T07:38:17","guid":{"rendered":"http:\/\/labanfoods.nl\/foodservice\/"},"modified":"2021-03-17T10:49:55","modified_gmt":"2021-03-17T10:49:55","slug":"foodservice","status":"publish","type":"page","link":"https:\/\/labanfoods.nl\/de\/foodservice\/","title":{"rendered":"Foodservice"},"content":{"rendered":"\n<p>Auch im Bereich Foodservice k\u00f6nnen wir mit langj\u00e4hriger Erfahrung trumpfen und bedarfsgerechte L\u00f6sungen anbieten. Suchen Sie nach einem Partner, der Ihre Produkte zubereitet, verarbeitet und\/oder zusammenstellt? Reden Sie mit uns!<\/p>\n","protected":false},"excerpt":{"rendered":"<p>Auch im Bereich Foodservice k\u00f6nnen wir mit langj\u00e4hriger Erfahrung trumpfen und bedarfsgerechte L\u00f6sungen anbieten. Suchen Sie nach einem Partner, der Ihre Produkte zubereitet, verarbeitet und\/oder zusammenstellt? Reden Sie mit uns!<\/p>\n","protected":false},"author":1,"featured_media":0,"parent":0,"menu_order":5,"comment_status":"closed","ping_status":"closed","template":"","meta":{"_acf_changed":false,"footnotes":""},"class_list":["post-572","page","type-page","status-publish","hentry"],"acf":[],"yoast_head":"<!-- This site is optimized with the Yoast SEO plugin v27.4 - https:\/\/yoast.com\/product\/yoast-seo-wordpress\/ -->\n<title>Foodservice | LaBan Foods<\/title>\n<meta name=\"robots\" content=\"index, follow, max-snippet:-1, max-image-preview:large, max-video-preview:-1\" \/>\n<link rel=\"canonical\" href=\"https:\/\/labanfoods.nl\/de\/foodservice\/\" \/>\n<meta property=\"og:locale\" content=\"de_DE\" \/>\n<meta property=\"og:type\" content=\"article\" \/>\n<meta property=\"og:title\" content=\"Foodservice | LaBan Foods\" \/>\n<meta property=\"og:description\" content=\"Auch im Bereich Foodservice k\u00f6nnen wir mit langj\u00e4hriger Erfahrung trumpfen und bedarfsgerechte L\u00f6sungen anbieten. Suchen Sie nach einem Partner, der Ihre Produkte zubereitet, verarbeitet und\/oder zusammenstellt? Reden Sie mit uns!\" \/>\n<meta property=\"og:url\" content=\"https:\/\/labanfoods.nl\/de\/foodservice\/\" \/>\n<meta property=\"og:site_name\" content=\"LaBan Foods\" \/>\n<meta property=\"article:modified_time\" content=\"2021-03-17T10:49:55+00:00\" \/>\n<meta name=\"twitter:card\" content=\"summary_large_image\" \/>\n<script type=\"application\/ld+json\" class=\"yoast-schema-graph\">{\"@context\":\"https:\\\/\\\/schema.org\",\"@graph\":[{\"@type\":\"WebPage\",\"@id\":\"https:\\\/\\\/labanfoods.nl\\\/de\\\/foodservice\\\/\",\"url\":\"https:\\\/\\\/labanfoods.nl\\\/de\\\/foodservice\\\/\",\"name\":\"Foodservice | LaBan Foods\",\"isPartOf\":{\"@id\":\"https:\\\/\\\/labanfoods.nl\\\/de\\\/#website\"},\"datePublished\":\"2020-05-18T07:38:17+00:00\",\"dateModified\":\"2021-03-17T10:49:55+00:00\",\"breadcrumb\":{\"@id\":\"https:\\\/\\\/labanfoods.nl\\\/de\\\/foodservice\\\/#breadcrumb\"},\"inLanguage\":\"de\",\"potentialAction\":[{\"@type\":\"ReadAction\",\"target\":[\"https:\\\/\\\/labanfoods.nl\\\/de\\\/foodservice\\\/\"]}]},{\"@type\":\"BreadcrumbList\",\"@id\":\"https:\\\/\\\/labanfoods.nl\\\/de\\\/foodservice\\\/#breadcrumb\",\"itemListElement\":[{\"@type\":\"ListItem\",\"position\":1,\"name\":\"Home\",\"item\":\"https:\\\/\\\/labanfoods.nl\\\/de\\\/\"},{\"@type\":\"ListItem\",\"position\":2,\"name\":\"Foodservice\"}]},{\"@type\":\"WebSite\",\"@id\":\"https:\\\/\\\/labanfoods.nl\\\/de\\\/#website\",\"url\":\"https:\\\/\\\/labanfoods.nl\\\/de\\\/\",\"name\":\"LaBan Foods\",\"description\":\"for the love of butter\",\"potentialAction\":[{\"@type\":\"SearchAction\",\"target\":{\"@type\":\"EntryPoint\",\"urlTemplate\":\"https:\\\/\\\/labanfoods.nl\\\/de\\\/?s={search_term_string}\"},\"query-input\":{\"@type\":\"PropertyValueSpecification\",\"valueRequired\":true,\"valueName\":\"search_term_string\"}}],\"inLanguage\":\"de\"}]}<\/script>\n<!-- \/ Yoast SEO plugin. -->","yoast_head_json":{"title":"Foodservice | LaBan Foods","robots":{"index":"index","follow":"follow","max-snippet":"max-snippet:-1","max-image-preview":"max-image-preview:large","max-video-preview":"max-video-preview:-1"},"canonical":"https:\/\/labanfoods.nl\/de\/foodservice\/","og_locale":"de_DE","og_type":"article","og_title":"Foodservice | LaBan Foods","og_description":"Auch im Bereich Foodservice k\u00f6nnen wir mit langj\u00e4hriger Erfahrung trumpfen und bedarfsgerechte L\u00f6sungen anbieten. Suchen Sie nach einem Partner, der Ihre Produkte zubereitet, verarbeitet und\/oder zusammenstellt? Reden Sie mit uns!","og_url":"https:\/\/labanfoods.nl\/de\/foodservice\/","og_site_name":"LaBan Foods","article_modified_time":"2021-03-17T10:49:55+00:00","twitter_card":"summary_large_image","schema":{"@context":"https:\/\/schema.org","@graph":[{"@type":"WebPage","@id":"https:\/\/labanfoods.nl\/de\/foodservice\/","url":"https:\/\/labanfoods.nl\/de\/foodservice\/","name":"Foodservice | LaBan Foods","isPartOf":{"@id":"https:\/\/labanfoods.nl\/de\/#website"},"datePublished":"2020-05-18T07:38:17+00:00","dateModified":"2021-03-17T10:49:55+00:00","breadcrumb":{"@id":"https:\/\/labanfoods.nl\/de\/foodservice\/#breadcrumb"},"inLanguage":"de","potentialAction":[{"@type":"ReadAction","target":["https:\/\/labanfoods.nl\/de\/foodservice\/"]}]},{"@type":"BreadcrumbList","@id":"https:\/\/labanfoods.nl\/de\/foodservice\/#breadcrumb","itemListElement":[{"@type":"ListItem","position":1,"name":"Home","item":"https:\/\/labanfoods.nl\/de\/"},{"@type":"ListItem","position":2,"name":"Foodservice"}]},{"@type":"WebSite","@id":"https:\/\/labanfoods.nl\/de\/#website","url":"https:\/\/labanfoods.nl\/de\/","name":"LaBan Foods","description":"for the love of butter","potentialAction":[{"@type":"SearchAction","target":{"@type":"EntryPoint","urlTemplate":"https:\/\/labanfoods.nl\/de\/?s={search_term_string}"},"query-input":{"@type":"PropertyValueSpecification","valueRequired":true,"valueName":"search_term_string"}}],"inLanguage":"de"}]}},"_links":{"self":[{"href":"https:\/\/labanfoods.nl\/de\/wp-json\/wp\/v2\/pages\/572","targetHints":{"allow":["GET"]}}],"collection":[{"href":"https:\/\/labanfoods.nl\/de\/wp-json\/wp\/v2\/pages"}],"about":[{"href":"https:\/\/labanfoods.nl\/de\/wp-json\/wp\/v2\/types\/page"}],"author":[{"embeddable":true,"href":"https:\/\/labanfoods.nl\/de\/wp-json\/wp\/v2\/users\/1"}],"replies":[{"embeddable":true,"href":"https:\/\/labanfoods.nl\/de\/wp-json\/wp\/v2\/comments?post=572"}],"version-history":[{"count":3,"href":"https:\/\/labanfoods.nl\/de\/wp-json\/wp\/v2\/pages\/572\/revisions"}],"predecessor-version":[{"id":1161,"href":"https:\/\/labanfoods.nl\/de\/wp-json\/wp\/v2\/pages\/572\/revisions\/1161"}],"wp:attachment":[{"href":"https:\/\/labanfoods.nl\/de\/wp-json\/wp\/v2\/media?parent=572"}],"curies":[{"name":"wp","href":"https:\/\/api.w.org\/{rel}","templated":true}]}}