{"id":562,"date":"2020-05-18T07:37:09","date_gmt":"2020-05-18T07:37:09","guid":{"rendered":"http:\/\/labanfoods.nl\/retail\/"},"modified":"2021-04-21T12:38:16","modified_gmt":"2021-04-21T12:38:16","slug":"einzelhandel","status":"publish","type":"page","link":"https:\/\/labanfoods.nl\/de\/einzelhandel\/","title":{"rendered":"Einzelhandel"},"content":{"rendered":"\n<p>Dank unserer kundenorientierten Mentalit\u00e4t und einem H\u00f6chstma\u00df an Flexibilit\u00e4t, Know-how und Erfahrung k\u00f6nnen wir gemeinsam mit Ihnen ein Produkt entwickeln, das den W\u00fcnschen des Verbrauchers gerecht wird. Sind Sie neugierig auf unsere M\u00f6glichkeiten? Dann nehmen Sie dann gerne Kontakt mit uns auf!<\/p>\n","protected":false},"excerpt":{"rendered":"<p>Dank unserer kundenorientierten Mentalit\u00e4t und einem H\u00f6chstma\u00df an Flexibilit\u00e4t, Know-how und Erfahrung k\u00f6nnen wir gemeinsam mit Ihnen ein Produkt entwickeln, das den W\u00fcnschen des Verbrauchers gerecht wird. Sind Sie neugierig auf unsere M\u00f6glichkeiten? Dann nehmen Sie dann gerne Kontakt mit uns auf!<\/p>\n","protected":false},"author":1,"featured_media":0,"parent":0,"menu_order":4,"comment_status":"closed","ping_status":"closed","template":"","meta":{"_acf_changed":false,"footnotes":""},"class_list":["post-562","page","type-page","status-publish","hentry"],"acf":[],"yoast_head":"<!-- This site is optimized with the Yoast SEO plugin v27.3 - https:\/\/yoast.com\/product\/yoast-seo-wordpress\/ -->\n<title>Einzelhandel | LaBan Foods<\/title>\n<meta name=\"robots\" content=\"index, follow, max-snippet:-1, max-image-preview:large, max-video-preview:-1\" \/>\n<link rel=\"canonical\" href=\"https:\/\/labanfoods.nl\/de\/einzelhandel\/\" \/>\n<meta property=\"og:locale\" content=\"de_DE\" \/>\n<meta property=\"og:type\" content=\"article\" \/>\n<meta property=\"og:title\" content=\"Einzelhandel | LaBan Foods\" \/>\n<meta property=\"og:description\" content=\"Dank unserer kundenorientierten Mentalit\u00e4t und einem H\u00f6chstma\u00df an Flexibilit\u00e4t, Know-how und Erfahrung k\u00f6nnen wir gemeinsam mit Ihnen ein Produkt entwickeln, das den W\u00fcnschen des Verbrauchers gerecht wird. Sind Sie neugierig auf unsere M\u00f6glichkeiten? Dann nehmen Sie dann gerne Kontakt mit uns auf!\" \/>\n<meta property=\"og:url\" content=\"https:\/\/labanfoods.nl\/de\/einzelhandel\/\" \/>\n<meta property=\"og:site_name\" content=\"LaBan Foods\" \/>\n<meta property=\"article:modified_time\" content=\"2021-04-21T12:38:16+00:00\" \/>\n<meta name=\"twitter:card\" content=\"summary_large_image\" \/>\n<script type=\"application\/ld+json\" class=\"yoast-schema-graph\">{\"@context\":\"https:\\\/\\\/schema.org\",\"@graph\":[{\"@type\":\"WebPage\",\"@id\":\"https:\\\/\\\/labanfoods.nl\\\/de\\\/einzelhandel\\\/\",\"url\":\"https:\\\/\\\/labanfoods.nl\\\/de\\\/einzelhandel\\\/\",\"name\":\"Einzelhandel | LaBan Foods\",\"isPartOf\":{\"@id\":\"https:\\\/\\\/labanfoods.nl\\\/de\\\/#website\"},\"datePublished\":\"2020-05-18T07:37:09+00:00\",\"dateModified\":\"2021-04-21T12:38:16+00:00\",\"breadcrumb\":{\"@id\":\"https:\\\/\\\/labanfoods.nl\\\/de\\\/einzelhandel\\\/#breadcrumb\"},\"inLanguage\":\"de\",\"potentialAction\":[{\"@type\":\"ReadAction\",\"target\":[\"https:\\\/\\\/labanfoods.nl\\\/de\\\/einzelhandel\\\/\"]}]},{\"@type\":\"BreadcrumbList\",\"@id\":\"https:\\\/\\\/labanfoods.nl\\\/de\\\/einzelhandel\\\/#breadcrumb\",\"itemListElement\":[{\"@type\":\"ListItem\",\"position\":1,\"name\":\"Home\",\"item\":\"https:\\\/\\\/labanfoods.nl\\\/de\\\/\"},{\"@type\":\"ListItem\",\"position\":2,\"name\":\"Einzelhandel\"}]},{\"@type\":\"WebSite\",\"@id\":\"https:\\\/\\\/labanfoods.nl\\\/de\\\/#website\",\"url\":\"https:\\\/\\\/labanfoods.nl\\\/de\\\/\",\"name\":\"LaBan Foods\",\"description\":\"for the love of butter\",\"potentialAction\":[{\"@type\":\"SearchAction\",\"target\":{\"@type\":\"EntryPoint\",\"urlTemplate\":\"https:\\\/\\\/labanfoods.nl\\\/de\\\/?s={search_term_string}\"},\"query-input\":{\"@type\":\"PropertyValueSpecification\",\"valueRequired\":true,\"valueName\":\"search_term_string\"}}],\"inLanguage\":\"de\"}]}<\/script>\n<!-- \/ Yoast SEO plugin. -->","yoast_head_json":{"title":"Einzelhandel | LaBan Foods","robots":{"index":"index","follow":"follow","max-snippet":"max-snippet:-1","max-image-preview":"max-image-preview:large","max-video-preview":"max-video-preview:-1"},"canonical":"https:\/\/labanfoods.nl\/de\/einzelhandel\/","og_locale":"de_DE","og_type":"article","og_title":"Einzelhandel | LaBan Foods","og_description":"Dank unserer kundenorientierten Mentalit\u00e4t und einem H\u00f6chstma\u00df an Flexibilit\u00e4t, Know-how und Erfahrung k\u00f6nnen wir gemeinsam mit Ihnen ein Produkt entwickeln, das den W\u00fcnschen des Verbrauchers gerecht wird. Sind Sie neugierig auf unsere M\u00f6glichkeiten? Dann nehmen Sie dann gerne Kontakt mit uns auf!","og_url":"https:\/\/labanfoods.nl\/de\/einzelhandel\/","og_site_name":"LaBan Foods","article_modified_time":"2021-04-21T12:38:16+00:00","twitter_card":"summary_large_image","schema":{"@context":"https:\/\/schema.org","@graph":[{"@type":"WebPage","@id":"https:\/\/labanfoods.nl\/de\/einzelhandel\/","url":"https:\/\/labanfoods.nl\/de\/einzelhandel\/","name":"Einzelhandel | LaBan Foods","isPartOf":{"@id":"https:\/\/labanfoods.nl\/de\/#website"},"datePublished":"2020-05-18T07:37:09+00:00","dateModified":"2021-04-21T12:38:16+00:00","breadcrumb":{"@id":"https:\/\/labanfoods.nl\/de\/einzelhandel\/#breadcrumb"},"inLanguage":"de","potentialAction":[{"@type":"ReadAction","target":["https:\/\/labanfoods.nl\/de\/einzelhandel\/"]}]},{"@type":"BreadcrumbList","@id":"https:\/\/labanfoods.nl\/de\/einzelhandel\/#breadcrumb","itemListElement":[{"@type":"ListItem","position":1,"name":"Home","item":"https:\/\/labanfoods.nl\/de\/"},{"@type":"ListItem","position":2,"name":"Einzelhandel"}]},{"@type":"WebSite","@id":"https:\/\/labanfoods.nl\/de\/#website","url":"https:\/\/labanfoods.nl\/de\/","name":"LaBan Foods","description":"for the love of butter","potentialAction":[{"@type":"SearchAction","target":{"@type":"EntryPoint","urlTemplate":"https:\/\/labanfoods.nl\/de\/?s={search_term_string}"},"query-input":{"@type":"PropertyValueSpecification","valueRequired":true,"valueName":"search_term_string"}}],"inLanguage":"de"}]}},"_links":{"self":[{"href":"https:\/\/labanfoods.nl\/de\/wp-json\/wp\/v2\/pages\/562","targetHints":{"allow":["GET"]}}],"collection":[{"href":"https:\/\/labanfoods.nl\/de\/wp-json\/wp\/v2\/pages"}],"about":[{"href":"https:\/\/labanfoods.nl\/de\/wp-json\/wp\/v2\/types\/page"}],"author":[{"embeddable":true,"href":"https:\/\/labanfoods.nl\/de\/wp-json\/wp\/v2\/users\/1"}],"replies":[{"embeddable":true,"href":"https:\/\/labanfoods.nl\/de\/wp-json\/wp\/v2\/comments?post=562"}],"version-history":[{"count":4,"href":"https:\/\/labanfoods.nl\/de\/wp-json\/wp\/v2\/pages\/562\/revisions"}],"predecessor-version":[{"id":1229,"href":"https:\/\/labanfoods.nl\/de\/wp-json\/wp\/v2\/pages\/562\/revisions\/1229"}],"wp:attachment":[{"href":"https:\/\/labanfoods.nl\/de\/wp-json\/wp\/v2\/media?parent=562"}],"curies":[{"name":"wp","href":"https:\/\/api.w.org\/{rel}","templated":true}]}}