{"id":243,"date":"2020-04-03T12:16:53","date_gmt":"2020-04-03T12:16:53","guid":{"rendered":"http:\/\/dzf-preview.nl\/laban\/boternotering\/"},"modified":"2026-04-08T10:13:58","modified_gmt":"2026-04-08T10:13:58","slug":"butterboerse","status":"publish","type":"page","link":"https:\/\/labanfoods.nl\/de\/butterboerse\/","title":{"rendered":"Butterb\u00f6rse"},"content":{"rendered":"\n<p>Auf dieser Seite k\u00f6nnen Sie die Entwicklung der Notierung an der Butterb\u00f6rse verfolgen: \u00fcber die vergangenen Wochen oder \u00fcber Jahre im R\u00fcckblick.<\/p>\n\n\n\n<h3 class=\"wp-block-heading\">Letzte Notierung<\/h3>\n\n\n\n<p>Mittwoch, 8. April 2026<br>\u20ac 4,18 pro Kilo<\/p>\n\n\n\n<p><\/p>\n\n\n\n<h3 class=\"wp-block-heading\">Butternotierung pro Woche<\/h3>\n\n\n\n<p><a href=\"https:\/\/labanfoods.nl\/wp-content\/uploads\/2026\/04\/Butter-price-index-LaBan-08-04-2026.pdf\" type=\"link\" id=\"https:\/\/labanfoods.nl\/wp-content\/uploads\/2026\/04\/Butter-price-index-LaBan-08-04-2026.pdf\">Hier<\/a> finden Sie die Verlaufskurve der Butternotierung.<\/p>\n\n\n\n<p><em>Quelle: <a aria-label=\"undefined (opent in een nieuwe tab)\" href=\"http:\/\/www.zuivelnl.org\/\" target=\"_blank\" rel=\"noreferrer noopener\">zuivelnl.org<\/a><\/em><\/p>\n\n\n\n<p><\/p>\n","protected":false},"excerpt":{"rendered":"<p>Auf dieser Seite k\u00f6nnen Sie die Entwicklung der Notierung an der Butterb\u00f6rse verfolgen: \u00fcber die vergangenen Wochen oder \u00fcber Jahre im R\u00fcckblick. Letzte Notierung Mittwoch, 8. April 2026\u20ac 4,18 pro Kilo Butternotierung pro Woche Hier finden Sie die Verlaufskurve der Butternotierung. Quelle: zuivelnl.org<\/p>\n","protected":false},"author":1,"featured_media":0,"parent":0,"menu_order":7,"comment_status":"closed","ping_status":"closed","template":"","meta":{"_acf_changed":false,"footnotes":""},"class_list":["post-243","page","type-page","status-publish","hentry"],"acf":[],"yoast_head":"<!-- This site is optimized with the Yoast SEO plugin v27.4 - https:\/\/yoast.com\/product\/yoast-seo-wordpress\/ -->\n<title>Butterb\u00f6rse | LaBan Foods<\/title>\n<meta name=\"robots\" content=\"index, follow, max-snippet:-1, max-image-preview:large, max-video-preview:-1\" \/>\n<link rel=\"canonical\" href=\"https:\/\/labanfoods.nl\/de\/butterboerse\/\" \/>\n<meta property=\"og:locale\" content=\"de_DE\" \/>\n<meta property=\"og:type\" content=\"article\" \/>\n<meta property=\"og:title\" content=\"Butterb\u00f6rse | LaBan Foods\" \/>\n<meta property=\"og:description\" content=\"Auf dieser Seite k\u00f6nnen Sie die Entwicklung der Notierung an der Butterb\u00f6rse verfolgen: \u00fcber die vergangenen Wochen oder \u00fcber Jahre im R\u00fcckblick. Letzte Notierung Mittwoch, 8. April 2026\u20ac 4,18 pro Kilo Butternotierung pro Woche Hier finden Sie die Verlaufskurve der Butternotierung. Quelle: zuivelnl.org\" \/>\n<meta property=\"og:url\" content=\"https:\/\/labanfoods.nl\/de\/butterboerse\/\" \/>\n<meta property=\"og:site_name\" content=\"LaBan Foods\" \/>\n<meta property=\"article:modified_time\" content=\"2026-04-08T10:13:58+00:00\" \/>\n<meta name=\"twitter:card\" content=\"summary_large_image\" \/>\n<meta name=\"twitter:label1\" content=\"Gesch\u00e4tzte Lesezeit\" \/>\n\t<meta name=\"twitter:data1\" content=\"1\u00a0Minute\" \/>\n<script type=\"application\/ld+json\" class=\"yoast-schema-graph\">{\"@context\":\"https:\\\/\\\/schema.org\",\"@graph\":[{\"@type\":\"WebPage\",\"@id\":\"https:\\\/\\\/labanfoods.nl\\\/de\\\/butterboerse\\\/\",\"url\":\"https:\\\/\\\/labanfoods.nl\\\/de\\\/butterboerse\\\/\",\"name\":\"Butterb\u00f6rse | LaBan Foods\",\"isPartOf\":{\"@id\":\"https:\\\/\\\/labanfoods.nl\\\/de\\\/#website\"},\"datePublished\":\"2020-04-03T12:16:53+00:00\",\"dateModified\":\"2026-04-08T10:13:58+00:00\",\"breadcrumb\":{\"@id\":\"https:\\\/\\\/labanfoods.nl\\\/de\\\/butterboerse\\\/#breadcrumb\"},\"inLanguage\":\"de\",\"potentialAction\":[{\"@type\":\"ReadAction\",\"target\":[\"https:\\\/\\\/labanfoods.nl\\\/de\\\/butterboerse\\\/\"]}]},{\"@type\":\"BreadcrumbList\",\"@id\":\"https:\\\/\\\/labanfoods.nl\\\/de\\\/butterboerse\\\/#breadcrumb\",\"itemListElement\":[{\"@type\":\"ListItem\",\"position\":1,\"name\":\"Home\",\"item\":\"https:\\\/\\\/labanfoods.nl\\\/de\\\/\"},{\"@type\":\"ListItem\",\"position\":2,\"name\":\"Butterb\u00f6rse\"}]},{\"@type\":\"WebSite\",\"@id\":\"https:\\\/\\\/labanfoods.nl\\\/de\\\/#website\",\"url\":\"https:\\\/\\\/labanfoods.nl\\\/de\\\/\",\"name\":\"LaBan Foods\",\"description\":\"for the love of butter\",\"potentialAction\":[{\"@type\":\"SearchAction\",\"target\":{\"@type\":\"EntryPoint\",\"urlTemplate\":\"https:\\\/\\\/labanfoods.nl\\\/de\\\/?s={search_term_string}\"},\"query-input\":{\"@type\":\"PropertyValueSpecification\",\"valueRequired\":true,\"valueName\":\"search_term_string\"}}],\"inLanguage\":\"de\"}]}<\/script>\n<!-- \/ Yoast SEO plugin. -->","yoast_head_json":{"title":"Butterb\u00f6rse | LaBan Foods","robots":{"index":"index","follow":"follow","max-snippet":"max-snippet:-1","max-image-preview":"max-image-preview:large","max-video-preview":"max-video-preview:-1"},"canonical":"https:\/\/labanfoods.nl\/de\/butterboerse\/","og_locale":"de_DE","og_type":"article","og_title":"Butterb\u00f6rse | LaBan Foods","og_description":"Auf dieser Seite k\u00f6nnen Sie die Entwicklung der Notierung an der Butterb\u00f6rse verfolgen: \u00fcber die vergangenen Wochen oder \u00fcber Jahre im R\u00fcckblick. Letzte Notierung Mittwoch, 8. April 2026\u20ac 4,18 pro Kilo Butternotierung pro Woche Hier finden Sie die Verlaufskurve der Butternotierung. Quelle: zuivelnl.org","og_url":"https:\/\/labanfoods.nl\/de\/butterboerse\/","og_site_name":"LaBan Foods","article_modified_time":"2026-04-08T10:13:58+00:00","twitter_card":"summary_large_image","twitter_misc":{"Gesch\u00e4tzte Lesezeit":"1\u00a0Minute"},"schema":{"@context":"https:\/\/schema.org","@graph":[{"@type":"WebPage","@id":"https:\/\/labanfoods.nl\/de\/butterboerse\/","url":"https:\/\/labanfoods.nl\/de\/butterboerse\/","name":"Butterb\u00f6rse | LaBan Foods","isPartOf":{"@id":"https:\/\/labanfoods.nl\/de\/#website"},"datePublished":"2020-04-03T12:16:53+00:00","dateModified":"2026-04-08T10:13:58+00:00","breadcrumb":{"@id":"https:\/\/labanfoods.nl\/de\/butterboerse\/#breadcrumb"},"inLanguage":"de","potentialAction":[{"@type":"ReadAction","target":["https:\/\/labanfoods.nl\/de\/butterboerse\/"]}]},{"@type":"BreadcrumbList","@id":"https:\/\/labanfoods.nl\/de\/butterboerse\/#breadcrumb","itemListElement":[{"@type":"ListItem","position":1,"name":"Home","item":"https:\/\/labanfoods.nl\/de\/"},{"@type":"ListItem","position":2,"name":"Butterb\u00f6rse"}]},{"@type":"WebSite","@id":"https:\/\/labanfoods.nl\/de\/#website","url":"https:\/\/labanfoods.nl\/de\/","name":"LaBan Foods","description":"for the love of butter","potentialAction":[{"@type":"SearchAction","target":{"@type":"EntryPoint","urlTemplate":"https:\/\/labanfoods.nl\/de\/?s={search_term_string}"},"query-input":{"@type":"PropertyValueSpecification","valueRequired":true,"valueName":"search_term_string"}}],"inLanguage":"de"}]}},"_links":{"self":[{"href":"https:\/\/labanfoods.nl\/de\/wp-json\/wp\/v2\/pages\/243","targetHints":{"allow":["GET"]}}],"collection":[{"href":"https:\/\/labanfoods.nl\/de\/wp-json\/wp\/v2\/pages"}],"about":[{"href":"https:\/\/labanfoods.nl\/de\/wp-json\/wp\/v2\/types\/page"}],"author":[{"embeddable":true,"href":"https:\/\/labanfoods.nl\/de\/wp-json\/wp\/v2\/users\/1"}],"replies":[{"embeddable":true,"href":"https:\/\/labanfoods.nl\/de\/wp-json\/wp\/v2\/comments?post=243"}],"version-history":[{"count":318,"href":"https:\/\/labanfoods.nl\/de\/wp-json\/wp\/v2\/pages\/243\/revisions"}],"predecessor-version":[{"id":3370,"href":"https:\/\/labanfoods.nl\/de\/wp-json\/wp\/v2\/pages\/243\/revisions\/3370"}],"wp:attachment":[{"href":"https:\/\/labanfoods.nl\/de\/wp-json\/wp\/v2\/media?parent=243"}],"curies":[{"name":"wp","href":"https:\/\/api.w.org\/{rel}","templated":true}]}}