{"id":219,"date":"2020-04-03T12:15:57","date_gmt":"2020-04-03T12:15:57","guid":{"rendered":"http:\/\/dzf-preview.nl\/laban\/bedrijf\/"},"modified":"2021-04-21T12:40:04","modified_gmt":"2021-04-21T12:40:04","slug":"unternehmen","status":"publish","type":"page","link":"https:\/\/labanfoods.nl\/de\/unternehmen\/","title":{"rendered":"Unternehmen"},"content":{"rendered":"\n<p>Seit 1993 ist LaBan Foods ein innovativer Hersteller von verschiedenen Butterspezialit\u00e4ten. Mit angebrachtem Stolz d\u00fcrfen wir uns Markf\u00fchrer innerhalb des Segment Kr\u00e4uterbutter nennen.<\/p>\n\n\n\n<h3 class=\"wp-block-heading\">Wie alles begann<\/h3>\n\n\n\n<p>Wie vielen andere Unternehmen in unserer Region liegen unsere Anf\u00e4nge im K\u00e4sehandel. Durch Regelm\u00e4\u00dfige Produkt Evaluation und Innovation kam die Kr\u00e4uterbutter in unser Sortiment. Im kleinen Rahmen wurde Experimentiert in enger Zusammenarbeit mit den Abnehmern und hat dazu gef\u00fchrt, dass wir das Produkt immer weiter verbessern konnten. Dies Resultierte in eine k\u00f6stlichen Kr\u00e4uterbutter von hervorragender Qualit\u00e4t. Das war der Anfang von LaBan Foods.<\/p>\n\n\n\n<p>Der Verkauf von Kr\u00e4uterbutter sollte bald darauf derart erfolgreich werden, dass wir uns im Jahr 1993 dazu entschlossen, unsere &#8222;Wurzeln&#8220; zu verlassen und uns voll und ganz auf die Produktion und Verkauf von Kr\u00e4uterbutter zu verlegen. Seitdem ist unser Sortiment betr\u00e4chtlich gewachsen. Neben Kr\u00e4uterbutter bieten wir auch andere Butterspezialit\u00e4ten und Geschmacksverbesserer an.<\/p>\n\n\n\n<p>Mittlerweile werden die einzelnen Produkte in einem modernen Produktionsgeb\u00e4ude hergestellt. Tausende abgef\u00fcllte Verpackungen finden t\u00e4glich ihren Weg zu den Abnehmern.<\/p>\n\n\n\n<p>Gerne denken wir mit Ihnen \u00fcber eine optimale L\u00f6sung f\u00fcr den Bedarf Ihres Unternehmens nach.<\/p>\n","protected":false},"excerpt":{"rendered":"<p>Seit 1993 ist LaBan Foods ein innovativer Hersteller von verschiedenen Butterspezialit\u00e4ten. Mit angebrachtem Stolz d\u00fcrfen wir uns Markf\u00fchrer innerhalb des Segment Kr\u00e4uterbutter nennen. Wie alles begann Wie vielen andere Unternehmen in unserer Region liegen unsere Anf\u00e4nge im K\u00e4sehandel. Durch Regelm\u00e4\u00dfige Produkt Evaluation und Innovation kam die Kr\u00e4uterbutter in unser Sortiment. Im kleinen Rahmen wurde Experimentiert [&hellip;]<\/p>\n","protected":false},"author":1,"featured_media":0,"parent":0,"menu_order":1,"comment_status":"closed","ping_status":"closed","template":"","meta":{"_acf_changed":false,"footnotes":""},"class_list":["post-219","page","type-page","status-publish","hentry"],"acf":[],"yoast_head":"<!-- This site is optimized with the Yoast SEO plugin v27.3 - https:\/\/yoast.com\/product\/yoast-seo-wordpress\/ -->\n<title>Unternehmen | LaBan Foods<\/title>\n<meta name=\"robots\" content=\"index, follow, max-snippet:-1, max-image-preview:large, max-video-preview:-1\" \/>\n<link rel=\"canonical\" href=\"https:\/\/labanfoods.nl\/de\/unternehmen\/\" \/>\n<meta property=\"og:locale\" content=\"de_DE\" \/>\n<meta property=\"og:type\" content=\"article\" \/>\n<meta property=\"og:title\" content=\"Unternehmen | LaBan Foods\" \/>\n<meta property=\"og:description\" content=\"Seit 1993 ist LaBan Foods ein innovativer Hersteller von verschiedenen Butterspezialit\u00e4ten. Mit angebrachtem Stolz d\u00fcrfen wir uns Markf\u00fchrer innerhalb des Segment Kr\u00e4uterbutter nennen. Wie alles begann Wie vielen andere Unternehmen in unserer Region liegen unsere Anf\u00e4nge im K\u00e4sehandel. Durch Regelm\u00e4\u00dfige Produkt Evaluation und Innovation kam die Kr\u00e4uterbutter in unser Sortiment. Im kleinen Rahmen wurde Experimentiert [&hellip;]\" \/>\n<meta property=\"og:url\" content=\"https:\/\/labanfoods.nl\/de\/unternehmen\/\" \/>\n<meta property=\"og:site_name\" content=\"LaBan Foods\" \/>\n<meta property=\"article:modified_time\" content=\"2021-04-21T12:40:04+00:00\" \/>\n<meta name=\"twitter:card\" content=\"summary_large_image\" \/>\n<meta name=\"twitter:label1\" content=\"Gesch\u00e4tzte Lesezeit\" \/>\n\t<meta name=\"twitter:data1\" content=\"1\u00a0Minute\" \/>\n<script type=\"application\/ld+json\" class=\"yoast-schema-graph\">{\"@context\":\"https:\\\/\\\/schema.org\",\"@graph\":[{\"@type\":\"WebPage\",\"@id\":\"https:\\\/\\\/labanfoods.nl\\\/de\\\/unternehmen\\\/\",\"url\":\"https:\\\/\\\/labanfoods.nl\\\/de\\\/unternehmen\\\/\",\"name\":\"Unternehmen | LaBan Foods\",\"isPartOf\":{\"@id\":\"https:\\\/\\\/labanfoods.nl\\\/de\\\/#website\"},\"datePublished\":\"2020-04-03T12:15:57+00:00\",\"dateModified\":\"2021-04-21T12:40:04+00:00\",\"breadcrumb\":{\"@id\":\"https:\\\/\\\/labanfoods.nl\\\/de\\\/unternehmen\\\/#breadcrumb\"},\"inLanguage\":\"de\",\"potentialAction\":[{\"@type\":\"ReadAction\",\"target\":[\"https:\\\/\\\/labanfoods.nl\\\/de\\\/unternehmen\\\/\"]}]},{\"@type\":\"BreadcrumbList\",\"@id\":\"https:\\\/\\\/labanfoods.nl\\\/de\\\/unternehmen\\\/#breadcrumb\",\"itemListElement\":[{\"@type\":\"ListItem\",\"position\":1,\"name\":\"Home\",\"item\":\"https:\\\/\\\/labanfoods.nl\\\/de\\\/\"},{\"@type\":\"ListItem\",\"position\":2,\"name\":\"Unternehmen\"}]},{\"@type\":\"WebSite\",\"@id\":\"https:\\\/\\\/labanfoods.nl\\\/de\\\/#website\",\"url\":\"https:\\\/\\\/labanfoods.nl\\\/de\\\/\",\"name\":\"LaBan Foods\",\"description\":\"for the love of butter\",\"potentialAction\":[{\"@type\":\"SearchAction\",\"target\":{\"@type\":\"EntryPoint\",\"urlTemplate\":\"https:\\\/\\\/labanfoods.nl\\\/de\\\/?s={search_term_string}\"},\"query-input\":{\"@type\":\"PropertyValueSpecification\",\"valueRequired\":true,\"valueName\":\"search_term_string\"}}],\"inLanguage\":\"de\"}]}<\/script>\n<!-- \/ Yoast SEO plugin. -->","yoast_head_json":{"title":"Unternehmen | LaBan Foods","robots":{"index":"index","follow":"follow","max-snippet":"max-snippet:-1","max-image-preview":"max-image-preview:large","max-video-preview":"max-video-preview:-1"},"canonical":"https:\/\/labanfoods.nl\/de\/unternehmen\/","og_locale":"de_DE","og_type":"article","og_title":"Unternehmen | LaBan Foods","og_description":"Seit 1993 ist LaBan Foods ein innovativer Hersteller von verschiedenen Butterspezialit\u00e4ten. Mit angebrachtem Stolz d\u00fcrfen wir uns Markf\u00fchrer innerhalb des Segment Kr\u00e4uterbutter nennen. Wie alles begann Wie vielen andere Unternehmen in unserer Region liegen unsere Anf\u00e4nge im K\u00e4sehandel. Durch Regelm\u00e4\u00dfige Produkt Evaluation und Innovation kam die Kr\u00e4uterbutter in unser Sortiment. Im kleinen Rahmen wurde Experimentiert [&hellip;]","og_url":"https:\/\/labanfoods.nl\/de\/unternehmen\/","og_site_name":"LaBan Foods","article_modified_time":"2021-04-21T12:40:04+00:00","twitter_card":"summary_large_image","twitter_misc":{"Gesch\u00e4tzte Lesezeit":"1\u00a0Minute"},"schema":{"@context":"https:\/\/schema.org","@graph":[{"@type":"WebPage","@id":"https:\/\/labanfoods.nl\/de\/unternehmen\/","url":"https:\/\/labanfoods.nl\/de\/unternehmen\/","name":"Unternehmen | LaBan Foods","isPartOf":{"@id":"https:\/\/labanfoods.nl\/de\/#website"},"datePublished":"2020-04-03T12:15:57+00:00","dateModified":"2021-04-21T12:40:04+00:00","breadcrumb":{"@id":"https:\/\/labanfoods.nl\/de\/unternehmen\/#breadcrumb"},"inLanguage":"de","potentialAction":[{"@type":"ReadAction","target":["https:\/\/labanfoods.nl\/de\/unternehmen\/"]}]},{"@type":"BreadcrumbList","@id":"https:\/\/labanfoods.nl\/de\/unternehmen\/#breadcrumb","itemListElement":[{"@type":"ListItem","position":1,"name":"Home","item":"https:\/\/labanfoods.nl\/de\/"},{"@type":"ListItem","position":2,"name":"Unternehmen"}]},{"@type":"WebSite","@id":"https:\/\/labanfoods.nl\/de\/#website","url":"https:\/\/labanfoods.nl\/de\/","name":"LaBan Foods","description":"for the love of butter","potentialAction":[{"@type":"SearchAction","target":{"@type":"EntryPoint","urlTemplate":"https:\/\/labanfoods.nl\/de\/?s={search_term_string}"},"query-input":{"@type":"PropertyValueSpecification","valueRequired":true,"valueName":"search_term_string"}}],"inLanguage":"de"}]}},"_links":{"self":[{"href":"https:\/\/labanfoods.nl\/de\/wp-json\/wp\/v2\/pages\/219","targetHints":{"allow":["GET"]}}],"collection":[{"href":"https:\/\/labanfoods.nl\/de\/wp-json\/wp\/v2\/pages"}],"about":[{"href":"https:\/\/labanfoods.nl\/de\/wp-json\/wp\/v2\/types\/page"}],"author":[{"embeddable":true,"href":"https:\/\/labanfoods.nl\/de\/wp-json\/wp\/v2\/users\/1"}],"replies":[{"embeddable":true,"href":"https:\/\/labanfoods.nl\/de\/wp-json\/wp\/v2\/comments?post=219"}],"version-history":[{"count":7,"href":"https:\/\/labanfoods.nl\/de\/wp-json\/wp\/v2\/pages\/219\/revisions"}],"predecessor-version":[{"id":1230,"href":"https:\/\/labanfoods.nl\/de\/wp-json\/wp\/v2\/pages\/219\/revisions\/1230"}],"wp:attachment":[{"href":"https:\/\/labanfoods.nl\/de\/wp-json\/wp\/v2\/media?parent=219"}],"curies":[{"name":"wp","href":"https:\/\/api.w.org\/{rel}","templated":true}]}}