{"id":206,"date":"2020-04-08T10:14:36","date_gmt":"2020-04-08T10:14:36","guid":{"rendered":"http:\/\/dzf-preview.nl\/laban\/?page_id=206"},"modified":"2021-04-21T12:36:55","modified_gmt":"2021-04-21T12:36:55","slug":"for-the-love-of-butter","status":"publish","type":"page","link":"https:\/\/labanfoods.nl\/de\/","title":{"rendered":"for the love of butter"},"content":{"rendered":"\n<p>LaBan Foods ist ein innovativer Hersteller von Butterspezialit\u00e4ten. Mit angebrachtem Stolz d\u00fcrfen wir uns Markf\u00fchrer innerhalb des Segment Kr\u00e4uterbutter nennen. Auf dieser Website informieren wir Sie \u00fcber unser Unternehmen und unsere M\u00f6glichkeiten.<\/p>\n","protected":false},"excerpt":{"rendered":"<p>LaBan Foods ist ein innovativer Hersteller von Butterspezialit\u00e4ten. Mit angebrachtem Stolz d\u00fcrfen wir uns Markf\u00fchrer innerhalb des Segment Kr\u00e4uterbutter nennen. Auf dieser Website informieren wir Sie \u00fcber unser Unternehmen und unsere M\u00f6glichkeiten.<\/p>\n","protected":false},"author":1,"featured_media":0,"parent":0,"menu_order":0,"comment_status":"closed","ping_status":"closed","template":"","meta":{"_acf_changed":false,"footnotes":""},"class_list":["post-206","page","type-page","status-publish","hentry"],"acf":[],"yoast_head":"<!-- This site is optimized with the Yoast SEO plugin v27.3 - https:\/\/yoast.com\/product\/yoast-seo-wordpress\/ -->\n<title>for the love of butter | LaBan Foods<\/title>\n<meta name=\"robots\" content=\"index, follow, max-snippet:-1, max-image-preview:large, max-video-preview:-1\" \/>\n<link rel=\"canonical\" href=\"https:\/\/labanfoods.nl\/de\/\" \/>\n<meta property=\"og:locale\" content=\"de_DE\" \/>\n<meta property=\"og:type\" content=\"article\" \/>\n<meta property=\"og:title\" content=\"for the love of butter | LaBan Foods\" \/>\n<meta property=\"og:description\" content=\"LaBan Foods ist ein innovativer Hersteller von Butterspezialit\u00e4ten. Mit angebrachtem Stolz d\u00fcrfen wir uns Markf\u00fchrer innerhalb des Segment Kr\u00e4uterbutter nennen. Auf dieser Website informieren wir Sie \u00fcber unser Unternehmen und unsere M\u00f6glichkeiten.\" \/>\n<meta property=\"og:url\" content=\"https:\/\/labanfoods.nl\/de\/\" \/>\n<meta property=\"og:site_name\" content=\"LaBan Foods\" \/>\n<meta property=\"article:modified_time\" content=\"2021-04-21T12:36:55+00:00\" \/>\n<meta name=\"twitter:card\" content=\"summary_large_image\" \/>\n<script type=\"application\/ld+json\" class=\"yoast-schema-graph\">{\"@context\":\"https:\\\/\\\/schema.org\",\"@graph\":[{\"@type\":\"WebPage\",\"@id\":\"https:\\\/\\\/labanfoods.nl\\\/de\\\/\",\"url\":\"https:\\\/\\\/labanfoods.nl\\\/de\\\/\",\"name\":\"for the love of butter | LaBan Foods\",\"isPartOf\":{\"@id\":\"https:\\\/\\\/labanfoods.nl\\\/de\\\/#website\"},\"datePublished\":\"2020-04-08T10:14:36+00:00\",\"dateModified\":\"2021-04-21T12:36:55+00:00\",\"breadcrumb\":{\"@id\":\"https:\\\/\\\/labanfoods.nl\\\/de\\\/#breadcrumb\"},\"inLanguage\":\"de\",\"potentialAction\":[{\"@type\":\"ReadAction\",\"target\":[\"https:\\\/\\\/labanfoods.nl\\\/de\\\/\"]}]},{\"@type\":\"BreadcrumbList\",\"@id\":\"https:\\\/\\\/labanfoods.nl\\\/de\\\/#breadcrumb\",\"itemListElement\":[{\"@type\":\"ListItem\",\"position\":1,\"name\":\"Home\",\"item\":\"https:\\\/\\\/labanfoods.nl\\\/de\\\/\"},{\"@type\":\"ListItem\",\"position\":2,\"name\":\"for the love of butter\"}]},{\"@type\":\"WebSite\",\"@id\":\"https:\\\/\\\/labanfoods.nl\\\/de\\\/#website\",\"url\":\"https:\\\/\\\/labanfoods.nl\\\/de\\\/\",\"name\":\"LaBan Foods\",\"description\":\"for the love of butter\",\"potentialAction\":[{\"@type\":\"SearchAction\",\"target\":{\"@type\":\"EntryPoint\",\"urlTemplate\":\"https:\\\/\\\/labanfoods.nl\\\/de\\\/?s={search_term_string}\"},\"query-input\":{\"@type\":\"PropertyValueSpecification\",\"valueRequired\":true,\"valueName\":\"search_term_string\"}}],\"inLanguage\":\"de\"}]}<\/script>\n<!-- \/ Yoast SEO plugin. -->","yoast_head_json":{"title":"for the love of butter | LaBan Foods","robots":{"index":"index","follow":"follow","max-snippet":"max-snippet:-1","max-image-preview":"max-image-preview:large","max-video-preview":"max-video-preview:-1"},"canonical":"https:\/\/labanfoods.nl\/de\/","og_locale":"de_DE","og_type":"article","og_title":"for the love of butter | LaBan Foods","og_description":"LaBan Foods ist ein innovativer Hersteller von Butterspezialit\u00e4ten. Mit angebrachtem Stolz d\u00fcrfen wir uns Markf\u00fchrer innerhalb des Segment Kr\u00e4uterbutter nennen. Auf dieser Website informieren wir Sie \u00fcber unser Unternehmen und unsere M\u00f6glichkeiten.","og_url":"https:\/\/labanfoods.nl\/de\/","og_site_name":"LaBan Foods","article_modified_time":"2021-04-21T12:36:55+00:00","twitter_card":"summary_large_image","schema":{"@context":"https:\/\/schema.org","@graph":[{"@type":"WebPage","@id":"https:\/\/labanfoods.nl\/de\/","url":"https:\/\/labanfoods.nl\/de\/","name":"for the love of butter | LaBan Foods","isPartOf":{"@id":"https:\/\/labanfoods.nl\/de\/#website"},"datePublished":"2020-04-08T10:14:36+00:00","dateModified":"2021-04-21T12:36:55+00:00","breadcrumb":{"@id":"https:\/\/labanfoods.nl\/de\/#breadcrumb"},"inLanguage":"de","potentialAction":[{"@type":"ReadAction","target":["https:\/\/labanfoods.nl\/de\/"]}]},{"@type":"BreadcrumbList","@id":"https:\/\/labanfoods.nl\/de\/#breadcrumb","itemListElement":[{"@type":"ListItem","position":1,"name":"Home","item":"https:\/\/labanfoods.nl\/de\/"},{"@type":"ListItem","position":2,"name":"for the love of butter"}]},{"@type":"WebSite","@id":"https:\/\/labanfoods.nl\/de\/#website","url":"https:\/\/labanfoods.nl\/de\/","name":"LaBan Foods","description":"for the love of butter","potentialAction":[{"@type":"SearchAction","target":{"@type":"EntryPoint","urlTemplate":"https:\/\/labanfoods.nl\/de\/?s={search_term_string}"},"query-input":{"@type":"PropertyValueSpecification","valueRequired":true,"valueName":"search_term_string"}}],"inLanguage":"de"}]}},"_links":{"self":[{"href":"https:\/\/labanfoods.nl\/de\/wp-json\/wp\/v2\/pages\/206","targetHints":{"allow":["GET"]}}],"collection":[{"href":"https:\/\/labanfoods.nl\/de\/wp-json\/wp\/v2\/pages"}],"about":[{"href":"https:\/\/labanfoods.nl\/de\/wp-json\/wp\/v2\/types\/page"}],"author":[{"embeddable":true,"href":"https:\/\/labanfoods.nl\/de\/wp-json\/wp\/v2\/users\/1"}],"replies":[{"embeddable":true,"href":"https:\/\/labanfoods.nl\/de\/wp-json\/wp\/v2\/comments?post=206"}],"version-history":[{"count":9,"href":"https:\/\/labanfoods.nl\/de\/wp-json\/wp\/v2\/pages\/206\/revisions"}],"predecessor-version":[{"id":1227,"href":"https:\/\/labanfoods.nl\/de\/wp-json\/wp\/v2\/pages\/206\/revisions\/1227"}],"wp:attachment":[{"href":"https:\/\/labanfoods.nl\/de\/wp-json\/wp\/v2\/media?parent=206"}],"curies":[{"name":"wp","href":"https:\/\/api.w.org\/{rel}","templated":true}]}}